{"id":26078,"date":"2025-01-16T21:06:01","date_gmt":"2025-01-16T21:06:01","guid":{"rendered":"https:\/\/destu.eu\/?page_id=26078"},"modified":"2025-01-16T21:08:22","modified_gmt":"2025-01-16T21:08:22","slug":"zastrzezenia-prawne","status":"publish","type":"page","link":"https:\/\/destu.eu\/en\/zastrzezenia-prawne\/","title":{"rendered":"Zastrze\u017cenia prawne"},"content":{"rendered":"<div class=\"wpb-content-wrapper\"><div id=\"vc_row-69decf2beb328\" class=\"vc_row wpb_row vc_row-fluid thegem-custom-69decf2beb30e4215\"><div class=\"wpb_column vc_column_container vc_col-sm-12 thegem-custom-69decf2bebac93372\" ><div class=\"vc_column-inner thegem-custom-inner-69decf2bebacc\"><div class=\"wpb_wrapper thegem-custom-69decf2bebac93372\">\r\n\t\r\n\t\t<div class=\"wpb_text_column wpb_content_element  thegem-vc-text thegem-custom-69decf2bec0121534\"  >\r\n\t\t\t<div class=\"wpb_wrapper\">\r\n\t\t\t\t<h2 style=\"text-align: center;\">Zastrze\u017cenia prawne<\/h2>\n\r\n\t\t\t<\/div>\r\n\t\t\t<style>@media screen and (max-width: 1023px) {.thegem-vc-text.thegem-custom-69decf2bec0121534{display: block!important;}}@media screen and (max-width: 767px) {.thegem-vc-text.thegem-custom-69decf2bec0121534{display: block!important;}}@media screen and (max-width: 1023px) {.thegem-vc-text.thegem-custom-69decf2bec0121534{position: relative !important;}}@media screen and (max-width: 767px) {.thegem-vc-text.thegem-custom-69decf2bec0121534{position: relative !important;}}<\/style>\r\n\t\t<\/div>\r\n\t\r\n<div class=\"clearboth\"><\/div><style>#thegem-divider-69decf2bec113 {margin-top: 50px !important;}<\/style><div id=\"thegem-divider-69decf2bec113\" class=\"gem-divider\" style=\"\" ><\/div>\r\n\t\r\n\t\t<div class=\"wpb_text_column wpb_content_element  thegem-vc-text thegem-custom-69decf2bec7a02270\"  >\r\n\t\t\t<div class=\"wpb_wrapper\">\r\n\t\t\t\t<p><strong>W\u0142a\u015bciciel strony<\/strong><br \/>\nW\u0142a\u015bcicielem niniejszej strony internetowej jest firma DESTU Dariusz Bazaczek (zwana dalej DESTU), prowadzona przez Dariusza Bazaczka, z siedzib\u0105 w Gdyni przy ul. Mi\u0119towej 83 oraz wpisana do Centralnej Ewidencji i Informacji o Dzia\u0142alno\u015bci Gospodarczej (CEIDG) pod numerem REGON 192541161 i NIP5861105513 .<\/p>\n<p><strong>Prawa autorskie<\/strong><br \/>\nWszelkie materia\u0142y zamieszczone na stronie internetowej, w tym projekty graficzne, teksty, logotypy, zdj\u0119cia, ilustracje i inne elementy wizualne, s\u0105 chronione prawem autorskim i stanowi\u0105 w\u0142asno\u015b\u0107 Dariusza Bazaczka, o ile nie zaznaczono inaczej. Kopiowanie, rozpowszechnianie, modyfikowanie lub wykorzystywanie ich w jakikolwiek spos\u00f3b bez uprzedniej zgody w\u0142a\u015bciciela jest zabronione i mo\u017ce skutkowa\u0107 konsekwencjami prawnymi.<\/p>\n<p><strong>Znaki towarowe<\/strong><br \/>\nWszystkie u\u017cyte na stronie znaki towarowe, logotypy i nazwy handlowe nale\u017c\u0105 do ich w\u0142a\u015bcicieli i zosta\u0142y u\u017cyte wy\u0142\u0105cznie w celach informacyjnych lub za zgod\u0105.<\/p>\n<p><strong>Odpowiedzialno\u015b\u0107<\/strong><br \/>\nZawarto\u015b\u0107 strony internetowej ma charakter informacyjny i nie stanowi oferty w rozumieniu przepis\u00f3w Kodeksu cywilnego. DESTU dok\u0142ada wszelkich stara\u0144, aby publikowane informacje by\u0142y aktualne i zgodne z prawd\u0105, jednak nie ponosi odpowiedzialno\u015bci za ewentualne b\u0142\u0119dy, braki lub nie\u015bcis\u0142o\u015bci.<\/p>\n<p><strong>Linki zewn\u0119trzne<\/strong><br \/>\nStrona internetowa mo\u017ce zawiera\u0107 linki do innych witryn internetowych. DESTU nie ponosi odpowiedzialno\u015bci za tre\u015bci zamieszczone na stronach zewn\u0119trznych ani za zasady ochrony prywatno\u015bci stosowane przez ich w\u0142a\u015bcicieli.<\/p>\n<p><strong>Ochrona danych osobowych<\/strong><br \/>\nWszelkie dane osobowe przetwarzane s\u0105 zgodnie z obowi\u0105zuj\u0105cymi przepisami prawa oraz polityk\u0105 prywatno\u015bci dost\u0119pn\u0105 na stronie.<\/p>\n<p><strong>Zmiany tre\u015bci strony<\/strong><br \/>\nW\u0142a\u015bciciel strony zastrzega sobie prawo do wprowadzania zmian w tre\u015bci strony internetowej w dowolnym momencie, bez wcze\u015bniejszego powiadomienia u\u017cytkownik\u00f3w.<\/p>\n<p><strong>Contact<\/strong><br \/>\nW przypadku pyta\u0144 dotycz\u0105cych niniejszych zastrze\u017ce\u0144 prawnych prosimy o kontakt pod adresem: <strong><a href=\"mailto:studio@destu.eu\">studio@destu.eu<\/a><\/strong><\/p>\n\r\n\t\t\t<\/div>\r\n\t\t\t<style>@media screen and (max-width: 1023px) {.thegem-vc-text.thegem-custom-69decf2bec7a02270{display: block!important;}}@media screen and (max-width: 767px) {.thegem-vc-text.thegem-custom-69decf2bec7a02270{display: block!important;}}@media screen and (max-width: 1023px) {.thegem-vc-text.thegem-custom-69decf2bec7a02270{position: relative !important;}}@media screen and (max-width: 767px) {.thegem-vc-text.thegem-custom-69decf2bec7a02270{position: relative !important;}}<\/style>\r\n\t\t<\/div>\r\n\t\r\n<\/div><\/div><\/div><\/div>\n<\/div>","protected":false},"excerpt":{"rendered":"","protected":false},"author":1,"featured_media":0,"parent":0,"menu_order":0,"comment_status":"closed","ping_status":"closed","template":"","meta":{"rs_blank_template":"","rs_page_bg_color":"","slide_template_v7":"","inline_featured_image":false,"footnotes":""},"class_list":["post-26078","page","type-page","status-publish"],"_links":{"self":[{"href":"https:\/\/destu.eu\/en\/wp-json\/wp\/v2\/pages\/26078","targetHints":{"allow":["GET"]}}],"collection":[{"href":"https:\/\/destu.eu\/en\/wp-json\/wp\/v2\/pages"}],"about":[{"href":"https:\/\/destu.eu\/en\/wp-json\/wp\/v2\/types\/page"}],"author":[{"embeddable":true,"href":"https:\/\/destu.eu\/en\/wp-json\/wp\/v2\/users\/1"}],"replies":[{"embeddable":true,"href":"https:\/\/destu.eu\/en\/wp-json\/wp\/v2\/comments?post=26078"}],"version-history":[{"count":5,"href":"https:\/\/destu.eu\/en\/wp-json\/wp\/v2\/pages\/26078\/revisions"}],"predecessor-version":[{"id":26083,"href":"https:\/\/destu.eu\/en\/wp-json\/wp\/v2\/pages\/26078\/revisions\/26083"}],"wp:attachment":[{"href":"https:\/\/destu.eu\/en\/wp-json\/wp\/v2\/media?parent=26078"}],"curies":[{"name":"wp","href":"https:\/\/api.w.org\/{rel}","templated":true}]}}